{"id":372,"date":"2021-08-13T15:15:38","date_gmt":"2021-08-13T13:15:38","guid":{"rendered":"https:\/\/turmalin.it\/?page_id=372"},"modified":"2021-08-15T10:56:05","modified_gmt":"2021-08-15T08:56:05","slug":"focu-damuri","status":"publish","type":"page","link":"https:\/\/turmalin.it\/index.php\/focu-damuri\/","title":{"rendered":"Focu D\u2019amuri"},"content":{"rendered":"<p>[et_pb_section fb_built=&#8221;1&#8243; _builder_version=&#8221;4.9.11&#8243; _module_preset=&#8221;default&#8221; global_colors_info=&#8221;{}&#8221;][et_pb_row column_structure=&#8221;1_2,1_2&#8243; _builder_version=&#8221;4.9.11&#8243; _module_preset=&#8221;default&#8221; custom_padding=&#8221;||80px|||&#8221; global_colors_info=&#8221;{}&#8221;][et_pb_column type=&#8221;1_2&#8243; _builder_version=&#8221;4.9.11&#8243; _module_preset=&#8221;default&#8221; global_colors_info=&#8221;{}&#8221;][et_pb_image src=&#8221;https:\/\/turmalin.it\/wp-content\/uploads\/2021\/08\/radicepura.png&#8221; title_text=&#8221;radicepura&#8221; url=&#8221;https:\/\/www.radicepura.com\/&#8221; url_new_window=&#8221;on&#8221; align=&#8221;center&#8221; _builder_version=&#8221;4.9.11&#8243; _module_preset=&#8221;default&#8221; width=&#8221;51%&#8221; width_tablet=&#8221;&#8221; width_phone=&#8221;70%&#8221; width_last_edited=&#8221;on|desktop&#8221; global_colors_info=&#8221;{}&#8221;][\/et_pb_image][\/et_pb_column][et_pb_column type=&#8221;1_2&#8243; _builder_version=&#8221;4.9.11&#8243; _module_preset=&#8221;default&#8221; global_colors_info=&#8221;{}&#8221;][et_pb_text _builder_version=&#8221;4.9.11&#8243; _module_preset=&#8221;default&#8221; text_font_size=&#8221;16px&#8221; text_letter_spacing=&#8221;0.5px&#8221; text_line_height=&#8221;1.8em&#8221; custom_margin=&#8221;120px|||||&#8221; global_colors_info=&#8221;{}&#8221;]<\/p>\n<p><em>Progettisti:<\/em><br \/>SeminArchitettura Paesaggio Design<br \/>Arch. Silvia Giuffrida\/ Arch. Sandro Del Lesto<br \/><em>Sound Design:<\/em><br \/>Dj Sautufau RTL 102.5<\/p>\n<p>[\/et_pb_text][\/et_pb_column][\/et_pb_row][et_pb_row _builder_version=&#8221;4.9.11&#8243; _module_preset=&#8221;default&#8221; custom_padding=&#8221;||0px|||&#8221; border_width_top=&#8221;14px&#8221; border_color_top=&#8221;#E02B20&#8243; border_width_right=&#8221;14px&#8221; border_color_right=&#8221;#E02B20&#8243; global_colors_info=&#8221;{}&#8221;][et_pb_column type=&#8221;4_4&#8243; _builder_version=&#8221;4.9.11&#8243; _module_preset=&#8221;default&#8221; global_colors_info=&#8221;{}&#8221;][et_pb_text _builder_version=&#8221;4.9.11&#8243; _module_preset=&#8221;default&#8221; text_font=&#8221;|600|||||||&#8221; text_font_size=&#8221;20px&#8221; text_line_height=&#8221;2.1em&#8221; custom_margin=&#8221;-28px||||false|false&#8221; custom_padding=&#8221;150px|150px|||false|false&#8221; custom_padding_tablet=&#8221;&#8221; custom_padding_phone=&#8221;30px|30px|||false|false&#8221; custom_padding_last_edited=&#8221;on|phone&#8221; border_color_top=&#8221;#E02B20&#8243; border_color_right=&#8221;#E02B20&#8243; global_colors_info=&#8221;{}&#8221;]<\/p>\n<p>L&#8217;allestimento vuole essere un omaggio all&#8217;amore e trae spunto dal melodramma di Donizetti &#8220;Elisir d&#8217;amore&#8221;.<br \/>L&#8217;intervento mira a far riflettere il fruitore sull&#8217;importanza del contatto e quello che esso genera. L&#8217;impossibilit\u00e0 di potersi abbracciare e toccare in quest&#8217;ultimo periodo, ha gi\u00e0 portato molti di noi a riflettere sull&#8217;importanza di queste semplici abitudini e ci\u00f2 che il senso del tatto in generale suscita nella nostra psiche.<br \/>All&#8217;interno dello spazio i visitatori si sentiranno protetti ed abbracciati dalla vegetazione e, in questa intimit\u00e0 ritrovata, troveranno delle pozioni. Afferrandole genereranno dei suoni differenti in funzione alla tipologia di tocco. Questo sar\u00e0 possibile grazie ad una tecnologia touch responsive. Le essenze vegetali selezionate sono un omaggio al giardino romantico. Le rose, simbolo dell&#8217;amore, e i gelsomini che rivestono i balconi siciliani, emaneranno un profumo dolce e sensuale che mischiandosi con il profumo del mare e con il calore di &#8220;lddu&#8221; faranno da ambientazione a Focu d&#8217;Amuri. This installation is a tribute to love and has been inspired by Donizzetti&#8217;s melodrama &#8220;Elisir d&#8217;amore&#8221;.<\/p>\n<p><em>Its aim is to make the user reflect on the importance of physical contact and what it generates.<\/em><br \/><em>Recently, being unable to hug and touch each other brought many of us to think about the significance of these simple gestures and the positive effects that the sense of touch has on our psyche.<\/em><br \/><em>In this area, the visitar will feel a sense of protection and will be embraced by the vegetation.<\/em><br \/><em>Together with this rediscovered intimacy, they will find some potions: they will hear different sounds depending on the way they grasp the vials, thanks to a touch response technology specifically designed far this installation with Dj Sautufau.<\/em><br \/><em>The selection of plant essences is a tribute to the romantic garden. The roses are a symbol of love and the jasmine covering Sicilian balconies will release a sweet and sensual scent that, mixing up with the scent of the sea and the warmth of &#8220;Iddu&#8221;, will create the setting.<\/em><\/p>\n<p>[\/et_pb_text][et_pb_image src=&#8221;https:\/\/turmalin.it\/wp-content\/uploads\/2021\/08\/foto1.jpg&#8221; title_text=&#8221;foto1&#8243; align=&#8221;center&#8221; force_fullwidth=&#8221;on&#8221; _builder_version=&#8221;4.9.11&#8243; _module_preset=&#8221;default&#8221; global_colors_info=&#8221;{}&#8221;][\/et_pb_image][et_pb_image src=&#8221;https:\/\/turmalin.it\/wp-content\/uploads\/2021\/08\/Radicepura3.jpg&#8221; title_text=&#8221;Radicepura3&#8243; align=&#8221;center&#8221; force_fullwidth=&#8221;on&#8221; _builder_version=&#8221;4.9.11&#8243; _module_preset=&#8221;default&#8221; global_colors_info=&#8221;{}&#8221;][\/et_pb_image][et_pb_image src=&#8221;https:\/\/turmalin.it\/wp-content\/uploads\/2021\/08\/radicepura2.jpg&#8221; title_text=&#8221;radicepura2&#8243; align=&#8221;center&#8221; force_fullwidth=&#8221;on&#8221; _builder_version=&#8221;4.9.11&#8243; _module_preset=&#8221;default&#8221; global_colors_info=&#8221;{}&#8221;][\/et_pb_image][\/et_pb_column][\/et_pb_row][et_pb_row column_structure=&#8221;1_2,1_2&#8243; _builder_version=&#8221;4.9.11&#8243; _module_preset=&#8221;default&#8221; global_colors_info=&#8221;{}&#8221;][et_pb_column type=&#8221;1_2&#8243; _builder_version=&#8221;4.9.11&#8243; _module_preset=&#8221;default&#8221; global_colors_info=&#8221;{}&#8221;][et_pb_image src=&#8221;https:\/\/turmalin.it\/wp-content\/uploads\/2021\/08\/logosemiarichitettura.jpg&#8221; title_text=&#8221;logosemiarichitettura&#8221; url=&#8221;https:\/\/www.instagram.com\/seminarchitettura\/&#8221; url_new_window=&#8221;on&#8221; show_bottom_space=&#8221;off&#8221; align=&#8221;center&#8221; _builder_version=&#8221;4.9.11&#8243; _module_preset=&#8221;default&#8221; width=&#8221;24%&#8221; width_tablet=&#8221;&#8221; width_phone=&#8221;&#8221; width_last_edited=&#8221;on|phone&#8221; module_alignment=&#8221;center&#8221; custom_margin=&#8221;30px||70px||false|false&#8221; custom_margin_tablet=&#8221;&#8221; custom_margin_phone=&#8221;&#8221; custom_margin_last_edited=&#8221;on|desktop&#8221; global_colors_info=&#8221;{}&#8221;][\/et_pb_image][\/et_pb_column][et_pb_column type=&#8221;1_2&#8243; _builder_version=&#8221;4.9.11&#8243; _module_preset=&#8221;default&#8221; global_colors_info=&#8221;{}&#8221;][\/et_pb_column][\/et_pb_row][\/et_pb_section]<\/p>\n","protected":false},"excerpt":{"rendered":"<p>Progettisti:SeminArchitettura Paesaggio DesignArch. Silvia Giuffrida\/ Arch. Sandro Del LestoSound Design:Dj Sautufau RTL 102.5L&#8217;allestimento vuole essere un omaggio all&#8217;amore e trae spunto dal melodramma di Donizetti &#8220;Elisir d&#8217;amore&#8221;.L&#8217;intervento mira a far riflettere il fruitore sull&#8217;importanza del contatto e quello che esso genera. L&#8217;impossibilit\u00e0 di potersi abbracciare e toccare in quest&#8217;ultimo periodo, ha gi\u00e0 portato molti di [&hellip;]<\/p>\n","protected":false},"author":1,"featured_media":375,"parent":0,"menu_order":0,"comment_status":"closed","ping_status":"closed","template":"","meta":{"_et_pb_use_builder":"on","_et_pb_old_content":"","_et_gb_content_width":"","footnotes":""},"_links":{"self":[{"href":"https:\/\/turmalin.it\/index.php\/wp-json\/wp\/v2\/pages\/372"}],"collection":[{"href":"https:\/\/turmalin.it\/index.php\/wp-json\/wp\/v2\/pages"}],"about":[{"href":"https:\/\/turmalin.it\/index.php\/wp-json\/wp\/v2\/types\/page"}],"author":[{"embeddable":true,"href":"https:\/\/turmalin.it\/index.php\/wp-json\/wp\/v2\/users\/1"}],"replies":[{"embeddable":true,"href":"https:\/\/turmalin.it\/index.php\/wp-json\/wp\/v2\/comments?post=372"}],"version-history":[{"count":6,"href":"https:\/\/turmalin.it\/index.php\/wp-json\/wp\/v2\/pages\/372\/revisions"}],"predecessor-version":[{"id":386,"href":"https:\/\/turmalin.it\/index.php\/wp-json\/wp\/v2\/pages\/372\/revisions\/386"}],"wp:featuredmedia":[{"embeddable":true,"href":"https:\/\/turmalin.it\/index.php\/wp-json\/wp\/v2\/media\/375"}],"wp:attachment":[{"href":"https:\/\/turmalin.it\/index.php\/wp-json\/wp\/v2\/media?parent=372"}],"curies":[{"name":"wp","href":"https:\/\/api.w.org\/{rel}","templated":true}]}}